{"id":563,"date":"2013-12-06T11:16:11","date_gmt":"2013-12-06T10:16:11","guid":{"rendered":"http:\/\/www.comptabil-it.ch\/home\/"},"modified":"2016-01-23T11:13:14","modified_gmt":"2016-01-23T10:13:14","slug":"accueil","status":"publish","type":"page","link":"https:\/\/www.comptabil-it.ch\/de\/","title":{"rendered":"Home"},"content":{"rendered":"<div id=\"new-royalslider-3\" class=\"royalSlider new-royalslider-3 rsUni rs-default-template\" style=\"width:100%;height:auto;;\" data-rs-options='{&quot;template&quot;:&quot;default&quot;,&quot;image_generation&quot;:{&quot;imageWidth&quot;:1310,&quot;imageHeight&quot;:445,&quot;thumbImageWidth&quot;:&quot;&quot;,&quot;thumbImageHeight&quot;:&quot;&quot;},&quot;thumbs&quot;:{&quot;thumbWidth&quot;:96,&quot;thumbHeight&quot;:72},&quot;autoPlay&quot;:{&quot;enabled&quot;:&quot;true&quot;,&quot;delay&quot;:4000,&quot;stopAtAction&quot;:&quot;false&quot;},&quot;block&quot;:{&quot;fadeEffect&quot;:&quot;false&quot;,&quot;moveEffect&quot;:&quot;right&quot;,&quot;moveOffset&quot;:20,&quot;speed&quot;:400,&quot;delay&quot;:200},&quot;width&quot;:&quot;100%&quot;,&quot;height&quot;:&quot;auto&quot;,&quot;autoScaleSlider&quot;:&quot;true&quot;,&quot;autoScaleSliderWidth&quot;:1310,&quot;autoScaleSliderHeight&quot;:445,&quot;slidesSpacing&quot;:0,&quot;controlNavigation&quot;:&quot;none&quot;,&quot;slidesOrientation&quot;:&quot;vertical&quot;}'>\n<div class=\"rsContent\">\n  <img decoding=\"async\" class=\"rsImg\" src=\"https:\/\/www.comptabil-it.ch\/wp-content\/uploads\/2013\/12\/slider_salaires.png\" alt=\"slider_service_pme\"\/>\n  \n  \n  <div data-easing=\"easeOutSine\" data-move-offset=\"500\" data-move-effect=\"top\" class=\"ui-draggable-handle rsABlock\" style=\"width: 58%; height: auto; left: 40%; top: 20%; position: absolute; right: 10%;\"><h1>LOHNWESEN<\/h1>\r\n<h2>Ihre L\u00f6hne, unser Business!<\/h2>\r\n<p>Wir \u00fcbernehmen alle Aufgaben der Lohnadministration und garantieren volle Vertraulichkeit Ihrer betrieblichen Informationen.<\/p><\/div>\n<\/div>\n<div class=\"rsContent\">\n  <img decoding=\"async\" class=\"rsImg\" src=\"https:\/\/www.comptabil-it.ch\/wp-content\/uploads\/2013\/12\/slider_comptabilite.png\" alt=\"slider_service_pme\"\/>\n  \n  \n  <div data-easing=\"easeOutSine\" data-move-offset=\"500\" data-move-effect=\"top\" class=\"ui-draggable-handle rsABlock\" style=\"width: 58%; height: auto; left: 40%; top: 20%; position: absolute; right: 10%;\"><h1>BUCHHALTUNG<\/h1>\r\n<h2>Lassen Sie Ihre Buchhaltung von Personen machen, die davon fasziniert sind!<\/h2>\r\n<p>Buchhaltung ist f\u00fcr uns mehr als ein Beruf, es ist unsere Leidenschaft. Vertrauen Sie uns Ihre Buchhaltung ohne Z\u00f6gern an.<\/p><\/div>\n<\/div>\n<div class=\"rsContent\">\n  <img decoding=\"async\" class=\"rsImg\" src=\"https:\/\/www.comptabil-it.ch\/wp-content\/uploads\/2013\/12\/slider_fiscalite1.png\" alt=\"slider_service_pme\"\/>\n  \n  \n  <div data-easing=\"easeOutSine\" data-move-offset=\"500\" data-move-effect=\"top\" class=\"ui-draggable-handle rsABlock\" style=\"width: 58%; height: auto; left: 40%; top: 20%; position: absolute; right: 10%;\"><h1>STEUERWESEN<\/h1>\r\n<h2>Optimieren Sie Ihre Steuern<\/h2>\r\n<p>Sie sparen Zeit und vermeiden unangenehme \u00dcberraschungen, indem Sie Ihre Steuern unseren Spezialisten anvertrauen.<\/p><\/div>\n<\/div>\n<div class=\"rsContent\">\n  <img decoding=\"async\" class=\"rsImg\" src=\"https:\/\/www.comptabil-it.ch\/wp-content\/uploads\/2013\/12\/slider_services_aux_pme1.png\" alt=\"slider_service_pme\"\/>\n  \n  \n  <div data-easing=\"easeOutSine\" data-move-offset=\"500\" data-move-effect=\"top\" class=\"ui-draggable-handle rsABlock\" style=\"width: 58%; height: auto; left: 40%; top: 20%; position: absolute; right: 10%;\"><h1>DIENSTLEISTUNGEN F\u00dcR KMUs<\/h1>\r\n<h2>MASSGESCHNEIDERTE DIENSTLEISTUNGEN<\/h2>\r\n<p>Unser kundenspezifisches Serviceangebot \u00fcbertrifft das von konventionellen Treuh\u00e4ndern. Wir haben immer eine passende L\u00f6sung, egal ob es um das Delegieren von Personal, die Unterst\u00fctzung bei der Rekrutierung, die Durchf\u00fchrung einer Revision oder noch um das \u00dcbersetzen von Gesch\u00e4ftsdokumenten geht.<\/p><\/div>\n<\/div>\n<div class=\"rsContent\">\n  <img decoding=\"async\" class=\"rsImg\" src=\"https:\/\/www.comptabil-it.ch\/wp-content\/uploads\/2013\/12\/slider_creation_societe.png\" alt=\"slider_service_pme\"\/>\n  \n  \n  <div data-easing=\"easeOutSine\" data-move-offset=\"500\" data-move-effect=\"top\" class=\"ui-draggable-handle rsABlock\" style=\"width: 58%; height: auto; left: 40%; top: 20%; position: absolute; right: 10%;\"><h1>FIRMENGR\u00dcNDUNG<\/h1>\r\n<h2>Die richtigen Entscheidungen f\u00fcr diese wichtige Etappe!<\/h2>\r\n<p>Die zu treffenden Entscheidungen bei einer Firmengr\u00fcndung haben oft ungeahnte Konsequenzen. Unsere Spezialisten unterst\u00fctzen Sie mit ihrem Fachwissen und ihrer Erfahrung.<\/p><\/div>\n<\/div>\n<div class=\"rsContent\">\n  <img decoding=\"async\" class=\"rsImg\" src=\"https:\/\/www.comptabil-it.ch\/wp-content\/uploads\/2013\/12\/slider_revision.png\" alt=\"slider_service_pme\"\/>\n  \n  \n  <div data-easing=\"easeOutSine\" data-move-offset=\"500\" data-move-effect=\"top\" class=\"ui-draggable-handle rsABlock\" style=\"width: 58%; height: auto; left: 40%; top: 20%; position: absolute; right: 10%;\"><h1>AUDIT UND REVISION<\/h1>\r\n<h2>ES GEHT AUF!<\/h2>\r\n<p>Wir stehen Ihnen als von der Bundesaufsichtsbeh\u00f6rde anerkanntes Revisionsunternehmen jederzeit f\u00fcr Audit- und Revisionsdienstleistungen zur Verf\u00fcgung. Nutzen Sie die M\u00f6glichkeit, das Verbesserungspotential Ihres Betriebes zu visualisieren.<\/p><\/div>\n<\/div>\n\n<\/div>\n\n","protected":false},"excerpt":{"rendered":"LOHNWESEN Ihre L\u00f6hne, unser Business! Wir \u00fcbernehmen alle Aufgaben der Lohnadministration und garantieren volle Vertraulichkeit Ihrer betrieblichen Informationen. BUCHHALTUNG Lassen Sie Ihre Buchhaltung von Personen machen, die davon fasziniert sind! [...]","protected":false},"author":5,"featured_media":0,"parent":0,"menu_order":0,"comment_status":"closed","ping_status":"closed","template":"test.php","meta":{"footnotes":""},"class_list":["post-563","page","type-page","status-publish","hentry"],"yoast_head":"<!-- This site is optimized with the Yoast SEO plugin v21.7 - https:\/\/yoast.com\/wordpress\/plugins\/seo\/ -->\n<title>Home - Fiduconsult Neuch\u00e2tel SA (Comptabil-IT SA)<\/title>\n<meta name=\"robots\" content=\"index, follow, max-snippet:-1, max-image-preview:large, max-video-preview:-1\" \/>\n<link rel=\"canonical\" href=\"https:\/\/www.comptabil-it.ch\/de\/\" \/>\n<meta property=\"og:locale\" content=\"de_DE\" \/>\n<meta property=\"og:type\" content=\"article\" \/>\n<meta property=\"og:title\" content=\"Home - Fiduconsult Neuch\u00e2tel SA (Comptabil-IT SA)\" \/>\n<meta property=\"og:url\" content=\"https:\/\/www.comptabil-it.ch\/de\/\" \/>\n<meta property=\"og:site_name\" content=\"Fiduconsult Neuch\u00e2tel SA (Comptabil-IT SA)\" \/>\n<meta property=\"article:modified_time\" content=\"2016-01-23T10:13:14+00:00\" \/>\n<script type=\"application\/ld+json\" class=\"yoast-schema-graph\">{\"@context\":\"https:\/\/schema.org\",\"@graph\":[{\"@type\":\"WebPage\",\"@id\":\"https:\/\/www.comptabil-it.ch\/de\/\",\"url\":\"https:\/\/www.comptabil-it.ch\/de\/\",\"name\":\"Home - Fiduconsult Neuch\u00e2tel SA (Comptabil-IT SA)\",\"isPartOf\":{\"@id\":\"https:\/\/www.comptabil-it.ch\/de\/#website\"},\"datePublished\":\"2013-12-06T10:16:11+00:00\",\"dateModified\":\"2016-01-23T10:13:14+00:00\",\"breadcrumb\":{\"@id\":\"https:\/\/www.comptabil-it.ch\/de\/#breadcrumb\"},\"inLanguage\":\"de\",\"potentialAction\":[{\"@type\":\"ReadAction\",\"target\":[\"https:\/\/www.comptabil-it.ch\/de\/\"]}]},{\"@type\":\"BreadcrumbList\",\"@id\":\"https:\/\/www.comptabil-it.ch\/de\/#breadcrumb\",\"itemListElement\":[{\"@type\":\"ListItem\",\"position\":1,\"name\":\"Home\",\"item\":\"https:\/\/www.comptabil-it.ch\/de\/\"},{\"@type\":\"ListItem\",\"position\":2,\"name\":\"Home\"}]},{\"@type\":\"WebSite\",\"@id\":\"https:\/\/www.comptabil-it.ch\/de\/#website\",\"url\":\"https:\/\/www.comptabil-it.ch\/de\/\",\"name\":\"Fiduconsult Neuch\u00e2tel SA (Comptabil-IT SA)\",\"description\":\"Fiduciaire\",\"potentialAction\":[{\"@type\":\"SearchAction\",\"target\":{\"@type\":\"EntryPoint\",\"urlTemplate\":\"https:\/\/www.comptabil-it.ch\/de\/?s={search_term_string}\"},\"query-input\":\"required name=search_term_string\"}],\"inLanguage\":\"de\"}]}<\/script>\n<!-- \/ Yoast SEO plugin. -->","yoast_head_json":{"title":"Home - Fiduconsult Neuch\u00e2tel SA (Comptabil-IT SA)","robots":{"index":"index","follow":"follow","max-snippet":"max-snippet:-1","max-image-preview":"max-image-preview:large","max-video-preview":"max-video-preview:-1"},"canonical":"https:\/\/www.comptabil-it.ch\/de\/","og_locale":"de_DE","og_type":"article","og_title":"Home - Fiduconsult Neuch\u00e2tel SA (Comptabil-IT SA)","og_url":"https:\/\/www.comptabil-it.ch\/de\/","og_site_name":"Fiduconsult Neuch\u00e2tel SA (Comptabil-IT SA)","article_modified_time":"2016-01-23T10:13:14+00:00","schema":{"@context":"https:\/\/schema.org","@graph":[{"@type":"WebPage","@id":"https:\/\/www.comptabil-it.ch\/de\/","url":"https:\/\/www.comptabil-it.ch\/de\/","name":"Home - Fiduconsult Neuch\u00e2tel SA (Comptabil-IT SA)","isPartOf":{"@id":"https:\/\/www.comptabil-it.ch\/de\/#website"},"datePublished":"2013-12-06T10:16:11+00:00","dateModified":"2016-01-23T10:13:14+00:00","breadcrumb":{"@id":"https:\/\/www.comptabil-it.ch\/de\/#breadcrumb"},"inLanguage":"de","potentialAction":[{"@type":"ReadAction","target":["https:\/\/www.comptabil-it.ch\/de\/"]}]},{"@type":"BreadcrumbList","@id":"https:\/\/www.comptabil-it.ch\/de\/#breadcrumb","itemListElement":[{"@type":"ListItem","position":1,"name":"Home","item":"https:\/\/www.comptabil-it.ch\/de\/"},{"@type":"ListItem","position":2,"name":"Home"}]},{"@type":"WebSite","@id":"https:\/\/www.comptabil-it.ch\/de\/#website","url":"https:\/\/www.comptabil-it.ch\/de\/","name":"Fiduconsult Neuch\u00e2tel SA (Comptabil-IT SA)","description":"Fiduciaire","potentialAction":[{"@type":"SearchAction","target":{"@type":"EntryPoint","urlTemplate":"https:\/\/www.comptabil-it.ch\/de\/?s={search_term_string}"},"query-input":"required name=search_term_string"}],"inLanguage":"de"}]}},"_links":{"self":[{"href":"https:\/\/www.comptabil-it.ch\/de\/wp-json\/wp\/v2\/pages\/563","targetHints":{"allow":["GET"]}}],"collection":[{"href":"https:\/\/www.comptabil-it.ch\/de\/wp-json\/wp\/v2\/pages"}],"about":[{"href":"https:\/\/www.comptabil-it.ch\/de\/wp-json\/wp\/v2\/types\/page"}],"author":[{"embeddable":true,"href":"https:\/\/www.comptabil-it.ch\/de\/wp-json\/wp\/v2\/users\/5"}],"replies":[{"embeddable":true,"href":"https:\/\/www.comptabil-it.ch\/de\/wp-json\/wp\/v2\/comments?post=563"}],"version-history":[{"count":6,"href":"https:\/\/www.comptabil-it.ch\/de\/wp-json\/wp\/v2\/pages\/563\/revisions"}],"predecessor-version":[{"id":864,"href":"https:\/\/www.comptabil-it.ch\/de\/wp-json\/wp\/v2\/pages\/563\/revisions\/864"}],"wp:attachment":[{"href":"https:\/\/www.comptabil-it.ch\/de\/wp-json\/wp\/v2\/media?parent=563"}],"curies":[{"name":"wp","href":"https:\/\/api.w.org\/{rel}","templated":true}]}}