{"id":554,"date":"2013-12-09T16:17:03","date_gmt":"2013-12-09T15:17:03","guid":{"rendered":"http:\/\/www.comptabil-it.ch\/nos-conseils\/"},"modified":"2015-12-11T09:12:33","modified_gmt":"2015-12-11T08:12:33","slug":"unsere-beratung","status":"publish","type":"page","link":"https:\/\/www.comptabil-it.ch\/de\/unsere-beratung\/","title":{"rendered":"Unsere Beratung"},"content":{"rendered":"<div class=\"wpb-content-wrapper\"><p>[vc_row][vc_column width=&#8220;1\/4&#8243;][vc_single_image image=&#8220;234&#8243; img_link_target=&#8220;_self&#8220; img_size=&#8220;320&#215;270&#8243;][\/vc_column][vc_column width=&#8220;3\/4&#8243;][vc_column_text]<\/p>\n<h1>UNSERE BERATUNG<\/h1>\n<p>In vielen Kantonen kann sich jedermann &#8222;Treuh\u00e4nder&#8220;, &#8222;Buchhalter&#8220; oder &#8222;Steuervertreter&#8220; nennen. Im Gegensatz dazu ist unsere Mitgliedschaft beim <a style=\"color: #d22128!important; text-decoration: none;\" href=\"http:\/\/www.fiduciairesuisse.ch\" target=\"_blank\">Schweizerischen Treuh\u00e4nderverband<\/a> eine echte Qualit\u00e4tsgarantie. Kontinuierliche Weiterbildung ist nur eine der strikten Regeln des Verbandes.<\/p>\n<p>Unsere Mission ist klar: wir begleiten Sie in allen administrativen Aufgaben. Wir beraten Unternehmen aller Gr\u00f6ssen, begleiten sie in ihren Projekten und erledigen mit grossem Engagement alle uns \u00fcbertragenen Aufgaben.<\/p>\n<p><span style=\"color: #d22128; font-weight: bold;\">Mit unserer Flexibilit\u00e4t und Reaktivit\u00e4t passen wir unsere Fachkenntnisse Ihren Aktivit\u00e4ten an.<\/span><\/p>\n<p>Vertrauen Sie uns folgende Aufgaben ohne Z\u00f6gern an:<\/p>\n<ul>\n<li>Aufbau und F\u00fchrung von Finanz- und analytischer Buchhaltung<\/li>\n<li>Periodische Abschl\u00fcsse<\/li>\n<li>Vorbereitung von Gruppenabschl\u00fcssen (Konsolidierung)<\/li>\n<li>Erstellen von Budgets<\/li>\n<li>Liquidit\u00e4tsplanung<\/li>\n<li>Dashboards<\/li>\n<li>Lohnmanagement<\/li>\n<li>Steuerwesen<\/li>\n<li>Revision<\/li>\n<\/ul>\n<p>[\/vc_column_text][\/vc_column][\/vc_row]<\/p>\n<\/div>","protected":false},"excerpt":{"rendered":"<p>[vc_row][vc_column width=&#8220;1\/4&#8243;][vc_single_image image=&#8220;234&#8243; img_link_target=&#8220;_self&#8220; img_size=&#8220;320&#215;270&#8243;][\/vc_column][vc_column width=&#8220;3\/4&#8243;][vc_column_text] UNSERE BERATUNG In vielen Kantonen kann sich jedermann &#8222;Treuh\u00e4nder&#8220;, &#8222;Buchhalter&#8220; oder &#8222;Steuervertreter&#8220; nennen. Im Gegensatz dazu ist unsere Mitgliedschaft beim Schweizerischen Treuh\u00e4nderverband eine echte [&hellip;]<\/p>\n","protected":false},"author":5,"featured_media":0,"parent":0,"menu_order":0,"comment_status":"closed","ping_status":"closed","template":"","meta":{"footnotes":""},"class_list":["post-554","page","type-page","status-publish","hentry"],"yoast_head":"<!-- This site is optimized with the Yoast SEO plugin v21.7 - https:\/\/yoast.com\/wordpress\/plugins\/seo\/ -->\n<title>Unsere Beratung - Fiduconsult Neuch\u00e2tel SA (Comptabil-IT SA)<\/title>\n<meta name=\"robots\" content=\"index, follow, max-snippet:-1, max-image-preview:large, max-video-preview:-1\" \/>\n<link rel=\"canonical\" href=\"https:\/\/www.comptabil-it.ch\/de\/unsere-beratung\/\" \/>\n<meta property=\"og:locale\" content=\"de_DE\" \/>\n<meta property=\"og:type\" content=\"article\" \/>\n<meta property=\"og:title\" content=\"Unsere Beratung - Fiduconsult Neuch\u00e2tel SA (Comptabil-IT SA)\" \/>\n<meta property=\"og:description\" content=\"[vc_row][vc_column width=&#8220;1\/4&#8243;][vc_single_image image=&#8220;234&#8243; img_link_target=&#8220;_self&#8220; img_size=&#8220;320&#215;270&#8243;][\/vc_column][vc_column width=&#8220;3\/4&#8243;][vc_column_text] UNSERE BERATUNG In vielen Kantonen kann sich jedermann &#8222;Treuh\u00e4nder&#8220;, &#8222;Buchhalter&#8220; oder &#8222;Steuervertreter&#8220; nennen. Im Gegensatz dazu ist unsere Mitgliedschaft beim Schweizerischen Treuh\u00e4nderverband eine echte [&hellip;]\" \/>\n<meta property=\"og:url\" content=\"https:\/\/www.comptabil-it.ch\/de\/unsere-beratung\/\" \/>\n<meta property=\"og:site_name\" content=\"Fiduconsult Neuch\u00e2tel SA (Comptabil-IT SA)\" \/>\n<meta property=\"article:modified_time\" content=\"2015-12-11T08:12:33+00:00\" \/>\n<meta name=\"twitter:label1\" content=\"Gesch\u00e4tzte Lesezeit\" \/>\n\t<meta name=\"twitter:data1\" content=\"1\u00a0Minute\" \/>\n<script type=\"application\/ld+json\" class=\"yoast-schema-graph\">{\"@context\":\"https:\/\/schema.org\",\"@graph\":[{\"@type\":\"WebPage\",\"@id\":\"https:\/\/www.comptabil-it.ch\/de\/unsere-beratung\/\",\"url\":\"https:\/\/www.comptabil-it.ch\/de\/unsere-beratung\/\",\"name\":\"Unsere Beratung - Fiduconsult Neuch\u00e2tel SA (Comptabil-IT SA)\",\"isPartOf\":{\"@id\":\"https:\/\/www.comptabil-it.ch\/de\/#website\"},\"datePublished\":\"2013-12-09T15:17:03+00:00\",\"dateModified\":\"2015-12-11T08:12:33+00:00\",\"breadcrumb\":{\"@id\":\"https:\/\/www.comptabil-it.ch\/de\/unsere-beratung\/#breadcrumb\"},\"inLanguage\":\"de\",\"potentialAction\":[{\"@type\":\"ReadAction\",\"target\":[\"https:\/\/www.comptabil-it.ch\/de\/unsere-beratung\/\"]}]},{\"@type\":\"BreadcrumbList\",\"@id\":\"https:\/\/www.comptabil-it.ch\/de\/unsere-beratung\/#breadcrumb\",\"itemListElement\":[{\"@type\":\"ListItem\",\"position\":1,\"name\":\"Home\",\"item\":\"https:\/\/www.comptabil-it.ch\/de\/\"},{\"@type\":\"ListItem\",\"position\":2,\"name\":\"Unsere Beratung\"}]},{\"@type\":\"WebSite\",\"@id\":\"https:\/\/www.comptabil-it.ch\/de\/#website\",\"url\":\"https:\/\/www.comptabil-it.ch\/de\/\",\"name\":\"Fiduconsult Neuch\u00e2tel SA (Comptabil-IT SA)\",\"description\":\"Fiduciaire\",\"potentialAction\":[{\"@type\":\"SearchAction\",\"target\":{\"@type\":\"EntryPoint\",\"urlTemplate\":\"https:\/\/www.comptabil-it.ch\/de\/?s={search_term_string}\"},\"query-input\":\"required name=search_term_string\"}],\"inLanguage\":\"de\"}]}<\/script>\n<!-- \/ Yoast SEO plugin. -->","yoast_head_json":{"title":"Unsere Beratung - Fiduconsult Neuch\u00e2tel SA (Comptabil-IT SA)","robots":{"index":"index","follow":"follow","max-snippet":"max-snippet:-1","max-image-preview":"max-image-preview:large","max-video-preview":"max-video-preview:-1"},"canonical":"https:\/\/www.comptabil-it.ch\/de\/unsere-beratung\/","og_locale":"de_DE","og_type":"article","og_title":"Unsere Beratung - Fiduconsult Neuch\u00e2tel SA (Comptabil-IT SA)","og_description":"[vc_row][vc_column width=&#8220;1\/4&#8243;][vc_single_image image=&#8220;234&#8243; img_link_target=&#8220;_self&#8220; img_size=&#8220;320&#215;270&#8243;][\/vc_column][vc_column width=&#8220;3\/4&#8243;][vc_column_text] UNSERE BERATUNG In vielen Kantonen kann sich jedermann &#8222;Treuh\u00e4nder&#8220;, &#8222;Buchhalter&#8220; oder &#8222;Steuervertreter&#8220; nennen. Im Gegensatz dazu ist unsere Mitgliedschaft beim Schweizerischen Treuh\u00e4nderverband eine echte [&hellip;]","og_url":"https:\/\/www.comptabil-it.ch\/de\/unsere-beratung\/","og_site_name":"Fiduconsult Neuch\u00e2tel SA (Comptabil-IT SA)","article_modified_time":"2015-12-11T08:12:33+00:00","twitter_misc":{"Gesch\u00e4tzte Lesezeit":"1\u00a0Minute"},"schema":{"@context":"https:\/\/schema.org","@graph":[{"@type":"WebPage","@id":"https:\/\/www.comptabil-it.ch\/de\/unsere-beratung\/","url":"https:\/\/www.comptabil-it.ch\/de\/unsere-beratung\/","name":"Unsere Beratung - Fiduconsult Neuch\u00e2tel SA (Comptabil-IT SA)","isPartOf":{"@id":"https:\/\/www.comptabil-it.ch\/de\/#website"},"datePublished":"2013-12-09T15:17:03+00:00","dateModified":"2015-12-11T08:12:33+00:00","breadcrumb":{"@id":"https:\/\/www.comptabil-it.ch\/de\/unsere-beratung\/#breadcrumb"},"inLanguage":"de","potentialAction":[{"@type":"ReadAction","target":["https:\/\/www.comptabil-it.ch\/de\/unsere-beratung\/"]}]},{"@type":"BreadcrumbList","@id":"https:\/\/www.comptabil-it.ch\/de\/unsere-beratung\/#breadcrumb","itemListElement":[{"@type":"ListItem","position":1,"name":"Home","item":"https:\/\/www.comptabil-it.ch\/de\/"},{"@type":"ListItem","position":2,"name":"Unsere Beratung"}]},{"@type":"WebSite","@id":"https:\/\/www.comptabil-it.ch\/de\/#website","url":"https:\/\/www.comptabil-it.ch\/de\/","name":"Fiduconsult Neuch\u00e2tel SA (Comptabil-IT SA)","description":"Fiduciaire","potentialAction":[{"@type":"SearchAction","target":{"@type":"EntryPoint","urlTemplate":"https:\/\/www.comptabil-it.ch\/de\/?s={search_term_string}"},"query-input":"required name=search_term_string"}],"inLanguage":"de"}]}},"_links":{"self":[{"href":"https:\/\/www.comptabil-it.ch\/de\/wp-json\/wp\/v2\/pages\/554","targetHints":{"allow":["GET"]}}],"collection":[{"href":"https:\/\/www.comptabil-it.ch\/de\/wp-json\/wp\/v2\/pages"}],"about":[{"href":"https:\/\/www.comptabil-it.ch\/de\/wp-json\/wp\/v2\/types\/page"}],"author":[{"embeddable":true,"href":"https:\/\/www.comptabil-it.ch\/de\/wp-json\/wp\/v2\/users\/5"}],"replies":[{"embeddable":true,"href":"https:\/\/www.comptabil-it.ch\/de\/wp-json\/wp\/v2\/comments?post=554"}],"version-history":[{"count":4,"href":"https:\/\/www.comptabil-it.ch\/de\/wp-json\/wp\/v2\/pages\/554\/revisions"}],"predecessor-version":[{"id":861,"href":"https:\/\/www.comptabil-it.ch\/de\/wp-json\/wp\/v2\/pages\/554\/revisions\/861"}],"wp:attachment":[{"href":"https:\/\/www.comptabil-it.ch\/de\/wp-json\/wp\/v2\/media?parent=554"}],"curies":[{"name":"wp","href":"https:\/\/api.w.org\/{rel}","templated":true}]}}